{"id":1680,"date":"2026-04-07T11:31:17","date_gmt":"2026-04-07T11:31:17","guid":{"rendered":"https:\/\/corbel.se\/?page_id=1680"},"modified":"2026-04-22T11:55:49","modified_gmt":"2026-04-22T11:55:49","slug":"gothemshammar","status":"publish","type":"page","link":"https:\/\/corbel.se\/?page_id=1680","title":{"rendered":"Gothemhammar"},"content":{"rendered":"\t\t<div data-elementor-type=\"wp-page\" data-elementor-id=\"1680\" class=\"elementor elementor-1680\" data-elementor-post-type=\"page\">\n\t\t\t\t<div class=\"elementor-element elementor-element-962db9d e-con-full e-flex e-con e-parent\" data-id=\"962db9d\" data-element_type=\"container\" data-e-type=\"container\">\n\t\t\t\t\t\t\t\n\t\t<img class=\"e-image-base \" \n\t\t\t\t\tdata-interaction-id=\"1055696\" \n\t\t \n\t\t data-e-type=\"widget\" data-id=\"1055696\"\n\t\t\t\t\t\t\t\t\tid=\"1642\"\n\t\t\t\t\t\t\t\t\t\t\t\tsrc=\"https:\/\/corbel.se\/wp-content\/uploads\/2026\/04\/Image1.webp\"\n\t\t\t\t\t\t\t\t\t\t\t\twidth=\"1920\"\n\t\t\t\t\t\t\t\t\t\t\t\theight=\"1360\"\n\t\t\t\t\t\t\t\t\t\t\t\tsrcset=\"https:\/\/corbel.se\/wp-content\/uploads\/2026\/04\/Image1.webp 1920w, https:\/\/corbel.se\/wp-content\/uploads\/2026\/04\/Image1-300x213.webp 300w, https:\/\/corbel.se\/wp-content\/uploads\/2026\/04\/Image1-1024x725.webp 1024w, https:\/\/corbel.se\/wp-content\/uploads\/2026\/04\/Image1-768x544.png 768w, https:\/\/corbel.se\/wp-content\/uploads\/2026\/04\/Image1-1536x1088.png 1536w, https:\/\/corbel.se\/wp-content\/uploads\/2026\/04\/Image1-2048x1451.png 2048w\"\n\t\t\t\t\t\t\t\t\t\t\t\talt=\"\"\n\t\t\t\t\t\t\/>\n\t\t\t\t\t<\/div>\n\t\t<div class=\"elementor-element elementor-element-96b954a e-flex e-con-boxed e-con e-parent\" data-id=\"96b954a\" data-element_type=\"container\" data-e-type=\"container\">\n\t\t\t\t\t<div class=\"e-con-inner\">\n\t\t\t\t\t\n<hr class=\"e-2cfc39e-622abb8 e-divider-base\" data-interaction-id=\"2cfc39e\"  data-e-type=\"widget\" data-id=\"2cfc39e\" \/>\n\t\t\t\t\t<\/div>\n\t\t\t\t<\/div>\n\t\t<div class=\"elementor-element elementor-element-62e712a e-con-full e-flex e-con e-parent\" data-id=\"62e712a\" data-element_type=\"container\" data-e-type=\"container\">\n\t\t<div class=\"elementor-element elementor-element-479860f e-con-full e-flex e-con e-child\" data-id=\"479860f\" data-element_type=\"container\" data-e-type=\"container\">\n\t\t\t\t\t\t\t<h2 \n\t\tdata-interaction-id=\"8104b76\" \n\t\tclass=\"e-8104b76-02c17f3 e-heading-base\" \n\t\t \n\t\tdata-e-type=\"widget\" data-id=\"8104b76\"\n\t>\n\t\n\t\t\tGothemhammar\n\t\t<\/h2>\n\t\t\t\t\t\t\t\t<p class=\"e-b246666-2e4ace2 e-paragraph-base\" data-interaction-id=\"b246666\"  data-e-type=\"widget\" data-id=\"b246666\">\n\t\t\t\t\t\t\t\t\u00d6stra Gotland<br>Status: p\u00e5g\u00e5ende\n\t\t\t\t\t<\/p>\n\t\t\t\t\t\t\t\t<p class=\"e-030da22-5e85929 e-paragraph-base\" data-interaction-id=\"030da22\"  data-e-type=\"widget\" data-id=\"030da22\">\n\t\t\t\t\t\t\t\tGothems Hammar \u00e4r mer \u00e4n en semesteranl\u00e4ggning \u2013 det \u00e4r en plats d\u00e4r Gotlands sj\u00e4l tar form i samtida arkitektur. En fristad bland tallar och kalksten, d\u00e4r havet alltid finns i n\u00e4rheten och d\u00e4r enkelheten blir den st\u00f6rsta lyxen.\n\t\t\t\t\t<\/p>\n\t\t\t\t\t\t\t\t<p class=\"e-4b125c0-5826689 e-paragraph-base\" data-interaction-id=\"4b125c0\"  data-e-type=\"widget\" data-id=\"4b125c0\">\n\t\t\t\t\t\t\t\tGothems Hammar utg\u00e5r fr\u00e5n respekt f\u00f6r plats och material. Gotl\u00e4ndsk kalksten, traditionell puts och tr\u00e4 bearbetas med samtida precision och f\u00e5r \u00e5ldras naturligt. Interi\u00f6rerna pr\u00e4glas av ljus, rena linjer och naturliga material som tr\u00e4, sten och linoljade ytor. Glaspartier skapar en mjuk gr\u00e4ns mellan inne och ute, och varje rum har kontakt med landskapet. Resultatet \u00e4r en robust men varsam och tidl\u00f6s arkitektur.<br><br>Gothems stugby p\u00e5 \u00f6stra Gotland \u00e4r en h\u00e5llbar stugby som f\u00f6renar upplevelse och regional utveckling. Projektet skapar arbetstillf\u00e4llen och st\u00e4rker attraktionskraften \u00e5ret runt genom h\u00f6g kvalitet i drift och sk\u00f6tsel. Minimal markp\u00e5verkan och h\u00e4nsyn till natur- och kulturv\u00e4rden \u00e4r v\u00e4gledande, s\u00e4rskilt kring Gothemshammar och fornl\u00e4mningen Vallen d\u00e4r skydd och anpassning prioriteras.<br><br>Stugbyn kopplas bort fr\u00e5n Gotlands grundvatten och anv\u00e4nder avsaltat havsvatten samt lokal rening med h\u00f6g skyddsniv\u00e5. En kompakt, modul\u00e4r anl\u00e4ggning med omv\u00e4nd osmos m\u00f6jligg\u00f6r flexibel drift utan p\u00e5verkan p\u00e5 grundvatten eller k\u00e4nsliga biotoper. Systemet \u00e4r skalbart och minskar beroendet av kommunala VA-l\u00f6sningar.<br><br>Gestaltningen bygger p\u00e5 gotl\u00e4ndsk tradition med kalkputs, massiva volymer och enkel form, men kompletteras med glas och tr\u00e4 f\u00f6r ljus och transparens. Stenvolymer ger tyngd och f\u00f6rankring, medan \u00f6ppningar och pergolor l\u00e5ter naturen integreras i rummen. Arkitekturen f\u00f6renar historia och nutid i ett lugnt, tidl\u00f6st uttryck.\n\t\t\t\t\t<\/p>\n\t\t\t\t<\/div>\n\t\t<div class=\"elementor-element elementor-element-108960e e-con-full e-flex e-con e-child\" data-id=\"108960e\" data-element_type=\"container\" data-e-type=\"container\">\n\t\t\t\t\t\t\t\n\t\t<img class=\"e-image-base \" \n\t\t\t\t\tdata-interaction-id=\"b4ca185\" \n\t\t \n\t\t data-e-type=\"widget\" data-id=\"b4ca185\"\n\t\t\t\t\t\t\t\t\tid=\"1700\"\n\t\t\t\t\t\t\t\t\t\t\t\tsrc=\"https:\/\/corbel.se\/wp-content\/uploads\/2026\/04\/Image3_000-kopiera.webp\"\n\t\t\t\t\t\t\t\t\t\t\t\twidth=\"1440\"\n\t\t\t\t\t\t\t\t\t\t\t\theight=\"1920\"\n\t\t\t\t\t\t\t\t\t\t\t\tsrcset=\"https:\/\/corbel.se\/wp-content\/uploads\/2026\/04\/Image3_000-kopiera.webp 1440w, https:\/\/corbel.se\/wp-content\/uploads\/2026\/04\/Image3_000-kopiera-225x300.jpg 225w, https:\/\/corbel.se\/wp-content\/uploads\/2026\/04\/Image3_000-kopiera-768x1024.jpg 768w\"\n\t\t\t\t\t\t\t\t\t\t\t\talt=\"\"\n\t\t\t\t\t\t\/>\n\t\t\t\t\t<\/div>\n\t\t\t\t<\/div>\n\t\t<div class=\"elementor-element elementor-element-46612f0 e-flex e-con-boxed e-con e-parent\" data-id=\"46612f0\" data-element_type=\"container\" data-e-type=\"container\">\n\t\t\t\t\t<div class=\"e-con-inner\">\n\t\t\t\t\t\n<hr class=\"e-53c1527-cde6f38 e-divider-base\" data-interaction-id=\"53c1527\"  data-e-type=\"widget\" data-id=\"53c1527\" \/>\n\t\t\t\t\t<\/div>\n\t\t\t\t<\/div>\n\t\t<div class=\"elementor-element elementor-element-988df79 e-con-full e-flex e-con e-parent\" data-id=\"988df79\" data-element_type=\"container\" data-e-type=\"container\">\n\t\t\t\t\t\t\t\n\t\t<img class=\"e-image-base \" \n\t\t\t\t\tdata-interaction-id=\"2bb0b97\" \n\t\t \n\t\t data-e-type=\"widget\" data-id=\"2bb0b97\"\n\t\t\t\t\t\t\t\t\tid=\"1830\"\n\t\t\t\t\t\t\t\t\t\t\t\tsrc=\"https:\/\/corbel.se\/wp-content\/uploads\/2026\/04\/trean_ny.jpg\"\n\t\t\t\t\t\t\t\t\t\t\t\twidth=\"1750\"\n\t\t\t\t\t\t\t\t\t\t\t\theight=\"1400\"\n\t\t\t\t\t\t\t\t\t\t\t\tsrcset=\"https:\/\/corbel.se\/wp-content\/uploads\/2026\/04\/trean_ny.jpg 1750w, https:\/\/corbel.se\/wp-content\/uploads\/2026\/04\/trean_ny-300x240.jpg 300w, https:\/\/corbel.se\/wp-content\/uploads\/2026\/04\/trean_ny-1024x819.jpg 1024w, https:\/\/corbel.se\/wp-content\/uploads\/2026\/04\/trean_ny-768x614.jpg 768w, https:\/\/corbel.se\/wp-content\/uploads\/2026\/04\/trean_ny-1536x1229.jpg 1536w\"\n\t\t\t\t\t\t\t\t\t\t\t\talt=\"\"\n\t\t\t\t\t\t\/>\n\t\t\t\t\t<\/div>\n\t\t<div class=\"elementor-element elementor-element-924e178 e-con-full e-flex e-con e-parent\" data-id=\"924e178\" data-element_type=\"container\" data-e-type=\"container\">\n\t\t\t\t\t\t\t\n\t\t<img class=\"e-image-base \" \n\t\t\t\t\tdata-interaction-id=\"6dab3fc\" \n\t\t \n\t\t data-e-type=\"widget\" data-id=\"6dab3fc\"\n\t\t\t\t\t\t\t\t\tid=\"1705\"\n\t\t\t\t\t\t\t\t\t\t\t\tsrc=\"https:\/\/corbel.se\/wp-content\/uploads\/2026\/04\/thumbnail_20250827_074714-kopiera.jpg\"\n\t\t\t\t\t\t\t\t\t\t\t\twidth=\"1082\"\n\t\t\t\t\t\t\t\t\t\t\t\theight=\"865\"\n\t\t\t\t\t\t\t\t\t\t\t\tsrcset=\"https:\/\/corbel.se\/wp-content\/uploads\/2026\/04\/thumbnail_20250827_074714-kopiera.jpg 1082w, https:\/\/corbel.se\/wp-content\/uploads\/2026\/04\/thumbnail_20250827_074714-kopiera-300x240.jpg 300w, https:\/\/corbel.se\/wp-content\/uploads\/2026\/04\/thumbnail_20250827_074714-kopiera-1024x819.jpg 1024w, https:\/\/corbel.se\/wp-content\/uploads\/2026\/04\/thumbnail_20250827_074714-kopiera-768x614.jpg 768w\"\n\t\t\t\t\t\t\t\t\t\t\t\talt=\"\"\n\t\t\t\t\t\t\/>\n\t\t\t\t\t<\/div>\n\t\t<div class=\"elementor-element elementor-element-a7fd663 e-con-full e-flex e-con e-parent\" data-id=\"a7fd663\" data-element_type=\"container\" data-e-type=\"container\">\n\t\t\t\t\t\t\t\n\t\t<img class=\"e-image-base \" \n\t\t\t\t\tdata-interaction-id=\"8774e32\" \n\t\t \n\t\t data-e-type=\"widget\" data-id=\"8774e32\"\n\t\t\t\t\t\t\t\t\tid=\"1706\"\n\t\t\t\t\t\t\t\t\t\t\t\tsrc=\"https:\/\/corbel.se\/wp-content\/uploads\/2026\/04\/plan.jpg\"\n\t\t\t\t\t\t\t\t\t\t\t\twidth=\"1082\"\n\t\t\t\t\t\t\t\t\t\t\t\theight=\"865\"\n\t\t\t\t\t\t\t\t\t\t\t\tsrcset=\"https:\/\/corbel.se\/wp-content\/uploads\/2026\/04\/plan.jpg 1082w, https:\/\/corbel.se\/wp-content\/uploads\/2026\/04\/plan-300x240.jpg 300w, https:\/\/corbel.se\/wp-content\/uploads\/2026\/04\/plan-1024x819.jpg 1024w, https:\/\/corbel.se\/wp-content\/uploads\/2026\/04\/plan-768x614.jpg 768w\"\n\t\t\t\t\t\t\t\t\t\t\t\talt=\"\"\n\t\t\t\t\t\t\/>\n\t\t\t\t\t<\/div>\n\t\t\t\t<\/div>\n\t\t","protected":false},"excerpt":{"rendered":"<p>Gothemhammar \u00d6stra GotlandStatus: p\u00e5g\u00e5ende Gothems Hammar \u00e4r mer \u00e4n en semesteranl\u00e4ggning \u2013 det \u00e4r en plats d\u00e4r Gotlands sj\u00e4l tar form i samtida arkitektur. En fristad bland tallar och kalksten, d\u00e4r havet alltid finns i n\u00e4rheten och d\u00e4r enkelheten blir den st\u00f6rsta lyxen. Gothems Hammar utg\u00e5r fr\u00e5n respekt f\u00f6r plats och material. Gotl\u00e4ndsk kalksten, traditionell [&hellip;]<\/p>\n","protected":false},"author":1,"featured_media":0,"parent":0,"menu_order":0,"comment_status":"closed","ping_status":"closed","template":"elementor_header_footer","meta":{"footnotes":""},"class_list":["post-1680","page","type-page","status-publish","hentry"],"_links":{"self":[{"href":"https:\/\/corbel.se\/index.php?rest_route=\/wp\/v2\/pages\/1680","targetHints":{"allow":["GET"]}}],"collection":[{"href":"https:\/\/corbel.se\/index.php?rest_route=\/wp\/v2\/pages"}],"about":[{"href":"https:\/\/corbel.se\/index.php?rest_route=\/wp\/v2\/types\/page"}],"author":[{"embeddable":true,"href":"https:\/\/corbel.se\/index.php?rest_route=\/wp\/v2\/users\/1"}],"replies":[{"embeddable":true,"href":"https:\/\/corbel.se\/index.php?rest_route=%2Fwp%2Fv2%2Fcomments&post=1680"}],"version-history":[{"count":31,"href":"https:\/\/corbel.se\/index.php?rest_route=\/wp\/v2\/pages\/1680\/revisions"}],"predecessor-version":[{"id":2074,"href":"https:\/\/corbel.se\/index.php?rest_route=\/wp\/v2\/pages\/1680\/revisions\/2074"}],"wp:attachment":[{"href":"https:\/\/corbel.se\/index.php?rest_route=%2Fwp%2Fv2%2Fmedia&parent=1680"}],"curies":[{"name":"wp","href":"https:\/\/api.w.org\/{rel}","templated":true}]}}