{"id":1743,"date":"2026-04-15T09:19:49","date_gmt":"2026-04-15T09:19:49","guid":{"rendered":"https:\/\/corbel.se\/?page_id=1743"},"modified":"2026-04-23T07:55:29","modified_gmt":"2026-04-23T07:55:29","slug":"kapellet","status":"publish","type":"page","link":"https:\/\/corbel.se\/?page_id=1743","title":{"rendered":"Kapellet"},"content":{"rendered":"\t\t<div data-elementor-type=\"wp-page\" data-elementor-id=\"1743\" class=\"elementor elementor-1743\" data-elementor-post-type=\"page\">\n\t\t\t\t<div class=\"elementor-element elementor-element-962db9d e-con-full e-flex e-con e-parent\" data-id=\"962db9d\" data-element_type=\"container\" data-e-type=\"container\">\n\t\t\t\t\t\t\t\n\t\t<img class=\"e-image-base \" \n\t\t\t\t\tdata-interaction-id=\"1055696\" \n\t\t \n\t\t data-e-type=\"widget\" data-id=\"1055696\"\n\t\t\t\t\t\t\t\t\tid=\"1745\"\n\t\t\t\t\t\t\t\t\t\t\t\tsrc=\"https:\/\/corbel.se\/wp-content\/uploads\/2026\/04\/14.png\"\n\t\t\t\t\t\t\t\t\t\t\t\twidth=\"2400\"\n\t\t\t\t\t\t\t\t\t\t\t\theight=\"1700\"\n\t\t\t\t\t\t\t\t\t\t\t\tsrcset=\"https:\/\/corbel.se\/wp-content\/uploads\/2026\/04\/14.png 2400w, https:\/\/corbel.se\/wp-content\/uploads\/2026\/04\/14-300x213.png 300w, https:\/\/corbel.se\/wp-content\/uploads\/2026\/04\/14-1024x725.png 1024w, https:\/\/corbel.se\/wp-content\/uploads\/2026\/04\/14-768x544.png 768w, https:\/\/corbel.se\/wp-content\/uploads\/2026\/04\/14-1536x1088.png 1536w, https:\/\/corbel.se\/wp-content\/uploads\/2026\/04\/14-2048x1451.png 2048w\"\n\t\t\t\t\t\t\t\t\t\t\t\talt=\"\"\n\t\t\t\t\t\t\/>\n\t\t\t\t\t<\/div>\n\t\t<div class=\"elementor-element elementor-element-96b954a e-flex e-con-boxed e-con e-parent\" data-id=\"96b954a\" data-element_type=\"container\" data-e-type=\"container\">\n\t\t\t\t\t<div class=\"e-con-inner\">\n\t\t\t\t\t\n<hr class=\"e-2cfc39e-622abb8 e-divider-base\" data-interaction-id=\"2cfc39e\"  data-e-type=\"widget\" data-id=\"2cfc39e\" \/>\n\t\t\t\t\t<\/div>\n\t\t\t\t<\/div>\n\t\t<div class=\"elementor-element elementor-element-62e712a e-con-full e-flex e-con e-parent\" data-id=\"62e712a\" data-element_type=\"container\" data-e-type=\"container\">\n\t\t<div class=\"elementor-element elementor-element-479860f e-con-full e-flex e-con e-child\" data-id=\"479860f\" data-element_type=\"container\" data-e-type=\"container\">\n\t\t\t\t\t\t\t<h2 \n\t\tdata-interaction-id=\"8104b76\" \n\t\tclass=\"e-8104b76-02c17f3 e-heading-base\" \n\t\t \n\t\tdata-e-type=\"widget\" data-id=\"8104b76\"\n\t>\n\t\n\t\t\tCarlanderska Kapellet\n\t\t<\/h2>\n\t\t\t\t\t\t\t\t<p class=\"e-b246666-2e4ace2 e-paragraph-base\" data-interaction-id=\"b246666\"  data-e-type=\"widget\" data-id=\"b246666\">\n\t\t\t\t\t\t\t\tG\u00f6teborg<br>Status: slutf\u00f6rt\n\t\t\t\t\t<\/p>\n\t\t\t\t\t\t\t\t<p class=\"e-030da22-5e85929 e-paragraph-base\" data-interaction-id=\"030da22\"  data-e-type=\"widget\" data-id=\"030da22\">\n\t\t\t\t\t\t\t\tOmbyggnad av kapell till f\u00f6retagsh\u00e4lsa\n\t\t\t\t\t<\/p>\n\t\t\t\t\t\t\t\t<p class=\"e-4b125c0-5826689 e-paragraph-base\" data-interaction-id=\"4b125c0\"  data-e-type=\"widget\" data-id=\"4b125c0\">\n\t\t\t\t\t\t\t\tI ombyggnaden av Carlanderskas tidigare kapell har vi skapat en modern arbetsmilj\u00f6 <br>som tydligt tar avstamp i byggnadens kulturhistoriska v\u00e4rden. <br>Ljuset fr\u00e5n kupolen har varit projektets centrala kompass, och tillsammans med <br>den runda rumsligheten har det format en l\u00f6sning d\u00e4r funktion, <br>atmosf\u00e4r och historia m\u00f6ts i en sammanh\u00e5llen helhet.&nbsp;&nbsp;<br><br>Kapellet uppf\u00f6rdes 1927 och pr\u00e4glas av tidstypiska material i tegel, sten och puts. <br>Kvaliteter som vi har valt att bevara och f\u00f6rst\u00e4rka. <br>Det naturliga ljuset som faller genom kupolen skapar en varm och stilla st\u00e4mning, <br>och har varit en aktiv del av gestaltningen.<br><br>Den runda geometrin har inneburit b\u00e5de utmaningar och m\u00f6jligheter. <br>F\u00f6r att skapa fungerande arbetsrum i den cirkul\u00e4ra planformen har vi utvecklat<br> specialsnickerier och tydligt avst\u00e4mda volymer som f\u00f6ljer byggnadens arkitektur. <br>Funktionerna \u00e4r integrerade p\u00e5 ett s\u00e4tt som respekterar rummets ursprungliga proportioner och rytm.<br><br>Nya ytskikt och material m\u00f6ter dagens hygien- och h\u00e5llbarhetskrav, men \u00e4r valda f\u00f6r att<br> harmoniera med kapellets historiska karakt\u00e4r. <br>Resultatet \u00e4r en milj\u00f6 d\u00e4r gammalt och mordernt ligger i balans, d\u00e4r kapellets ljus,<br> form och materialitet fortsatt \u00e4r det som b\u00e4r upplevelsen av rummet.\n\t\t\t\t\t<\/p>\n\t\t\t\t<\/div>\n\t\t<div class=\"elementor-element elementor-element-108960e e-con-full e-flex e-con e-child\" data-id=\"108960e\" data-element_type=\"container\" data-e-type=\"container\">\n\t\t\t\t\t\t\t\n\t\t<img class=\"e-image-base \" \n\t\t\t\t\tdata-interaction-id=\"b4ca185\" \n\t\t \n\t\t data-e-type=\"widget\" data-id=\"b4ca185\"\n\t\t\t\t\t\t\t\t\tid=\"1730\"\n\t\t\t\t\t\t\t\t\t\t\t\tsrc=\"https:\/\/corbel.se\/wp-content\/uploads\/2026\/04\/Hemsida_fram_kap.jpg\"\n\t\t\t\t\t\t\t\t\t\t\t\twidth=\"6000\"\n\t\t\t\t\t\t\t\t\t\t\t\theight=\"8000\"\n\t\t\t\t\t\t\t\t\t\t\t\tsrcset=\"https:\/\/corbel.se\/wp-content\/uploads\/2026\/04\/Hemsida_fram_kap.jpg 6000w, https:\/\/corbel.se\/wp-content\/uploads\/2026\/04\/Hemsida_fram_kap-225x300.jpg 225w, https:\/\/corbel.se\/wp-content\/uploads\/2026\/04\/Hemsida_fram_kap-768x1024.jpg 768w\"\n\t\t\t\t\t\t\t\t\t\t\t\talt=\"\"\n\t\t\t\t\t\t\/>\n\t\t\t\t\t<\/div>\n\t\t\t\t<\/div>\n\t\t<div class=\"elementor-element elementor-element-46612f0 e-flex e-con-boxed e-con e-parent\" data-id=\"46612f0\" data-element_type=\"container\" data-e-type=\"container\">\n\t\t\t\t\t<div class=\"e-con-inner\">\n\t\t\t\t\t\n<hr class=\"e-53c1527-cde6f38 e-divider-base\" data-interaction-id=\"53c1527\"  data-e-type=\"widget\" data-id=\"53c1527\" \/>\n\t\t\t\t\t<\/div>\n\t\t\t\t<\/div>\n\t\t<div class=\"elementor-element elementor-element-988df79 e-con-full e-flex e-con e-parent\" data-id=\"988df79\" data-element_type=\"container\" data-e-type=\"container\">\n\t\t\t\t\t\t\t\n\t\t<img class=\"e-image-base \" \n\t\t\t\t\tdata-interaction-id=\"2bb0b97\" \n\t\t \n\t\t data-e-type=\"widget\" data-id=\"2bb0b97\"\n\t\t\t\t\t\t\t\t\tid=\"1750\"\n\t\t\t\t\t\t\t\t\t\t\t\tsrc=\"https:\/\/corbel.se\/wp-content\/uploads\/2026\/04\/15.png\"\n\t\t\t\t\t\t\t\t\t\t\t\twidth=\"2400\"\n\t\t\t\t\t\t\t\t\t\t\t\theight=\"1700\"\n\t\t\t\t\t\t\t\t\t\t\t\tsrcset=\"https:\/\/corbel.se\/wp-content\/uploads\/2026\/04\/15.png 2400w, https:\/\/corbel.se\/wp-content\/uploads\/2026\/04\/15-300x213.png 300w, https:\/\/corbel.se\/wp-content\/uploads\/2026\/04\/15-1024x725.png 1024w, https:\/\/corbel.se\/wp-content\/uploads\/2026\/04\/15-768x544.png 768w, https:\/\/corbel.se\/wp-content\/uploads\/2026\/04\/15-1536x1088.png 1536w, https:\/\/corbel.se\/wp-content\/uploads\/2026\/04\/15-2048x1451.png 2048w\"\n\t\t\t\t\t\t\t\t\t\t\t\talt=\"\"\n\t\t\t\t\t\t\/>\n\t\t\t\t\t<\/div>\n\t\t<div class=\"elementor-element elementor-element-a7fd663 e-con-full e-flex e-con e-parent\" data-id=\"a7fd663\" data-element_type=\"container\" data-e-type=\"container\">\n\t\t\t\t\t\t\t\n\t\t<img class=\"e-image-base \" \n\t\t\t\t\tdata-interaction-id=\"8774e32\" \n\t\t \n\t\t data-e-type=\"widget\" data-id=\"8774e32\"\n\t\t\t\t\t\t\t\t\tid=\"1744\"\n\t\t\t\t\t\t\t\t\t\t\t\tsrc=\"https:\/\/corbel.se\/wp-content\/uploads\/2026\/04\/16.png\"\n\t\t\t\t\t\t\t\t\t\t\t\twidth=\"2400\"\n\t\t\t\t\t\t\t\t\t\t\t\theight=\"1700\"\n\t\t\t\t\t\t\t\t\t\t\t\tsrcset=\"https:\/\/corbel.se\/wp-content\/uploads\/2026\/04\/16.png 2400w, https:\/\/corbel.se\/wp-content\/uploads\/2026\/04\/16-300x213.png 300w, https:\/\/corbel.se\/wp-content\/uploads\/2026\/04\/16-1024x725.png 1024w, https:\/\/corbel.se\/wp-content\/uploads\/2026\/04\/16-768x544.png 768w, https:\/\/corbel.se\/wp-content\/uploads\/2026\/04\/16-1536x1088.png 1536w, https:\/\/corbel.se\/wp-content\/uploads\/2026\/04\/16-2048x1451.png 2048w\"\n\t\t\t\t\t\t\t\t\t\t\t\talt=\"\"\n\t\t\t\t\t\t\/>\n\t\t\t\t\t<\/div>\n\t\t<div class=\"elementor-element elementor-element-da78205 e-con-full e-flex e-con e-parent\" data-id=\"da78205\" data-element_type=\"container\" data-e-type=\"container\">\n\t\t\t\t\t\t\t\n\t\t<img class=\"e-image-base \" \n\t\t\t\t\tdata-interaction-id=\"0a4c45e\" \n\t\t \n\t\t data-e-type=\"widget\" data-id=\"0a4c45e\"\n\t\t\t\t\t\t\t\t\tid=\"1751\"\n\t\t\t\t\t\t\t\t\t\t\t\tsrc=\"https:\/\/corbel.se\/wp-content\/uploads\/2026\/04\/11.png\"\n\t\t\t\t\t\t\t\t\t\t\t\twidth=\"2400\"\n\t\t\t\t\t\t\t\t\t\t\t\theight=\"1700\"\n\t\t\t\t\t\t\t\t\t\t\t\tsrcset=\"https:\/\/corbel.se\/wp-content\/uploads\/2026\/04\/11.png 2400w, https:\/\/corbel.se\/wp-content\/uploads\/2026\/04\/11-300x213.png 300w, https:\/\/corbel.se\/wp-content\/uploads\/2026\/04\/11-1024x725.png 1024w, https:\/\/corbel.se\/wp-content\/uploads\/2026\/04\/11-768x544.png 768w, https:\/\/corbel.se\/wp-content\/uploads\/2026\/04\/11-1536x1088.png 1536w, https:\/\/corbel.se\/wp-content\/uploads\/2026\/04\/11-2048x1451.png 2048w\"\n\t\t\t\t\t\t\t\t\t\t\t\talt=\"\"\n\t\t\t\t\t\t\/>\n\t\t\t\t\t<\/div>\n\t\t<div class=\"elementor-element elementor-element-4ff2646 e-con-full e-flex e-con e-parent\" data-id=\"4ff2646\" data-element_type=\"container\" data-e-type=\"container\">\n\t\t\t\t\t\t\t\n\t\t<img class=\"e-image-base \" \n\t\t\t\t\tdata-interaction-id=\"931347b\" \n\t\t \n\t\t data-e-type=\"widget\" data-id=\"931347b\"\n\t\t\t\t\t\t\t\t\tid=\"1752\"\n\t\t\t\t\t\t\t\t\t\t\t\tsrc=\"https:\/\/corbel.se\/wp-content\/uploads\/2026\/04\/12.png\"\n\t\t\t\t\t\t\t\t\t\t\t\twidth=\"2400\"\n\t\t\t\t\t\t\t\t\t\t\t\theight=\"1700\"\n\t\t\t\t\t\t\t\t\t\t\t\tsrcset=\"https:\/\/corbel.se\/wp-content\/uploads\/2026\/04\/12.png 2400w, https:\/\/corbel.se\/wp-content\/uploads\/2026\/04\/12-300x213.png 300w, https:\/\/corbel.se\/wp-content\/uploads\/2026\/04\/12-1024x725.png 1024w, https:\/\/corbel.se\/wp-content\/uploads\/2026\/04\/12-768x544.png 768w, https:\/\/corbel.se\/wp-content\/uploads\/2026\/04\/12-1536x1088.png 1536w, https:\/\/corbel.se\/wp-content\/uploads\/2026\/04\/12-2048x1451.png 2048w\"\n\t\t\t\t\t\t\t\t\t\t\t\talt=\"\"\n\t\t\t\t\t\t\/>\n\t\t\t\t\t<\/div>\n\t\t<div class=\"elementor-element elementor-element-53e0aff e-con-full e-flex e-con e-parent\" data-id=\"53e0aff\" data-element_type=\"container\" data-e-type=\"container\">\n\t\t\t\t\t\t\t\n\t\t<img class=\"e-image-base \" \n\t\t\t\t\tdata-interaction-id=\"dde69d0\" \n\t\t \n\t\t data-e-type=\"widget\" data-id=\"dde69d0\"\n\t\t\t\t\t\t\t\t\tid=\"1751\"\n\t\t\t\t\t\t\t\t\t\t\t\tsrc=\"https:\/\/corbel.se\/wp-content\/uploads\/2026\/04\/11.png\"\n\t\t\t\t\t\t\t\t\t\t\t\twidth=\"2400\"\n\t\t\t\t\t\t\t\t\t\t\t\theight=\"1700\"\n\t\t\t\t\t\t\t\t\t\t\t\tsrcset=\"https:\/\/corbel.se\/wp-content\/uploads\/2026\/04\/11.png 2400w, https:\/\/corbel.se\/wp-content\/uploads\/2026\/04\/11-300x213.png 300w, https:\/\/corbel.se\/wp-content\/uploads\/2026\/04\/11-1024x725.png 1024w, https:\/\/corbel.se\/wp-content\/uploads\/2026\/04\/11-768x544.png 768w, https:\/\/corbel.se\/wp-content\/uploads\/2026\/04\/11-1536x1088.png 1536w, https:\/\/corbel.se\/wp-content\/uploads\/2026\/04\/11-2048x1451.png 2048w\"\n\t\t\t\t\t\t\t\t\t\t\t\talt=\"\"\n\t\t\t\t\t\t\/>\n\t\t\t\t\t<\/div>\n\t\t<div class=\"elementor-element elementor-element-924e178 e-con-full e-flex e-con e-parent\" data-id=\"924e178\" data-element_type=\"container\" data-e-type=\"container\">\n\t\t\t\t\t\t\t\n\t\t<img class=\"e-image-base \" \n\t\t\t\t\tdata-interaction-id=\"6dab3fc\" \n\t\t \n\t\t data-e-type=\"widget\" data-id=\"6dab3fc\"\n\t\t\t\t\t\t\t\t\tid=\"1462\"\n\t\t\t\t\t\t\t\t\t\t\t\tsrc=\"https:\/\/corbel.se\/wp-content\/uploads\/2025\/11\/Image1-kopiera-scaled.webp\"\n\t\t\t\t\t\t\t\t\t\t\t\twidth=\"1536\"\n\t\t\t\t\t\t\t\t\t\t\t\theight=\"1920\"\n\t\t\t\t\t\t\t\t\t\t\t\tsrcset=\"https:\/\/corbel.se\/wp-content\/uploads\/2025\/11\/Image1-kopiera-scaled.webp 1536w, https:\/\/corbel.se\/wp-content\/uploads\/2025\/11\/Image1-kopiera-240x300.webp 240w, https:\/\/corbel.se\/wp-content\/uploads\/2025\/11\/Image1-kopiera-819x1024.webp 819w, https:\/\/corbel.se\/wp-content\/uploads\/2025\/11\/Image1-kopiera-768x960.webp 768w, https:\/\/corbel.se\/wp-content\/uploads\/2025\/11\/Image1-kopiera-1229x1536.webp 1229w, https:\/\/corbel.se\/wp-content\/uploads\/2025\/11\/Image1-kopiera-1639x2048.webp 1537w\"\n\t\t\t\t\t\t\t\t\t\t\t\talt=\"\"\n\t\t\t\t\t\t\/>\n\t\t\t\t\t<\/div>\n\t\t\t\t<\/div>\n\t\t","protected":false},"excerpt":{"rendered":"<p>Carlanderska Kapellet G\u00f6teborgStatus: slutf\u00f6rt Ombyggnad av kapell till f\u00f6retagsh\u00e4lsa I ombyggnaden av Carlanderskas tidigare kapell har vi skapat en modern arbetsmilj\u00f6 som tydligt tar avstamp i byggnadens kulturhistoriska v\u00e4rden. Ljuset fr\u00e5n kupolen har varit projektets centrala kompass, och tillsammans med den runda rumsligheten har det format en l\u00f6sning d\u00e4r funktion, atmosf\u00e4r och historia m\u00f6ts i [&hellip;]<\/p>\n","protected":false},"author":1,"featured_media":0,"parent":0,"menu_order":0,"comment_status":"closed","ping_status":"closed","template":"elementor_header_footer","meta":{"footnotes":""},"class_list":["post-1743","page","type-page","status-publish","hentry"],"_links":{"self":[{"href":"https:\/\/corbel.se\/index.php?rest_route=\/wp\/v2\/pages\/1743","targetHints":{"allow":["GET"]}}],"collection":[{"href":"https:\/\/corbel.se\/index.php?rest_route=\/wp\/v2\/pages"}],"about":[{"href":"https:\/\/corbel.se\/index.php?rest_route=\/wp\/v2\/types\/page"}],"author":[{"embeddable":true,"href":"https:\/\/corbel.se\/index.php?rest_route=\/wp\/v2\/users\/1"}],"replies":[{"embeddable":true,"href":"https:\/\/corbel.se\/index.php?rest_route=%2Fwp%2Fv2%2Fcomments&post=1743"}],"version-history":[{"count":9,"href":"https:\/\/corbel.se\/index.php?rest_route=\/wp\/v2\/pages\/1743\/revisions"}],"predecessor-version":[{"id":2116,"href":"https:\/\/corbel.se\/index.php?rest_route=\/wp\/v2\/pages\/1743\/revisions\/2116"}],"wp:attachment":[{"href":"https:\/\/corbel.se\/index.php?rest_route=%2Fwp%2Fv2%2Fmedia&parent=1743"}],"curies":[{"name":"wp","href":"https:\/\/api.w.org\/{rel}","templated":true}]}}