{"id":958,"date":"2025-09-29T18:15:16","date_gmt":"2025-09-29T18:15:16","guid":{"rendered":"https:\/\/corbel.se\/?page_id=958"},"modified":"2026-04-22T13:32:41","modified_gmt":"2026-04-22T13:32:41","slug":"contact","status":"publish","type":"page","link":"https:\/\/corbel.se\/?page_id=958","title":{"rendered":"KONTAKT"},"content":{"rendered":"\t\t<div data-elementor-type=\"wp-page\" data-elementor-id=\"958\" class=\"elementor elementor-958\" data-elementor-post-type=\"page\">\n\t\t\t\t<div class=\"elementor-element elementor-element-250c66f e-flex e-con-boxed e-con e-parent\" data-id=\"250c66f\" data-element_type=\"container\" data-e-type=\"container\">\n\t\t\t\t\t<div class=\"e-con-inner\">\n\t\t\t\t\t\t\t\n\t\t<img class=\"e-image-base \" \n\t\t\t\t\tdata-interaction-id=\"a20c23e\" \n\t\t \n\t\t data-e-type=\"widget\" data-id=\"a20c23e\"\n\t\t\t\t\t\t\t\t\tid=\"1383\"\n\t\t\t\t\t\t\t\t\t\t\t\tsrc=\"https:\/\/corbel.se\/wp-content\/uploads\/2025\/11\/Gammelbild.webp\"\n\t\t\t\t\t\t\t\t\t\t\t\twidth=\"1080\"\n\t\t\t\t\t\t\t\t\t\t\t\theight=\"613\"\n\t\t\t\t\t\t\t\t\t\t\t\tsrcset=\"https:\/\/corbel.se\/wp-content\/uploads\/2025\/11\/Gammelbild.webp 1080w, https:\/\/corbel.se\/wp-content\/uploads\/2025\/11\/Gammelbild-300x170.webp 300w, https:\/\/corbel.se\/wp-content\/uploads\/2025\/11\/Gammelbild-1024x581.webp 1024w, https:\/\/corbel.se\/wp-content\/uploads\/2025\/11\/Gammelbild-768x436.webp 768w\"\n\t\t\t\t\t\t\t\t\t\t\t\talt=\"\"\n\t\t\t\t\t\t\/>\n\t\t\t\t\t\t<\/div>\n\t\t\t\t<\/div>\n\t\t<div class=\"elementor-element elementor-element-2e467f2 e-flex e-con-boxed e-con e-parent\" data-id=\"2e467f2\" data-element_type=\"container\" data-e-type=\"container\">\n\t\t\t\t\t<div class=\"e-con-inner\">\n\t\t\t\t<div class=\"elementor-element elementor-element-17c59d2 elementor-widget elementor-widget-text-editor\" data-id=\"17c59d2\" data-element_type=\"widget\" data-e-type=\"widget\" data-widget_type=\"text-editor.default\">\n\t\t\t\t<div class=\"elementor-widget-container\">\n\t\t\t\t\t\t\t\t\t<p class=\"contentText col-8\" style=\"text-align: center;\">H\u00f6r av dig eller bes\u00f6k oss p\u00e5 v\u00e5rt kontor p\u00e5 Norra Gubberogatan!<\/p>\t\t\t\t\t\t\t\t<\/div>\n\t\t\t\t<\/div>\n\t\t\t\t\t<\/div>\n\t\t\t\t<\/div>\n\t\t<div class=\"elementor-element elementor-element-d80eb8c e-flex e-con-boxed e-con e-parent\" data-id=\"d80eb8c\" data-element_type=\"container\" data-e-type=\"container\">\n\t\t\t\t\t<div class=\"e-con-inner\">\n\t\t<div class=\"elementor-element elementor-element-3b66c1e e-con-full e-flex e-con e-child\" data-id=\"3b66c1e\" data-element_type=\"container\" data-e-type=\"container\">\n\t\t\t\t<div class=\"elementor-element elementor-element-d380d77 elementor-widget elementor-widget-image\" data-id=\"d380d77\" data-element_type=\"widget\" data-e-type=\"widget\" data-widget_type=\"image.default\">\n\t\t\t\t<div class=\"elementor-widget-container\">\n\t\t\t\t\t\t\t\t\t\t\t\t\t\t\t<img fetchpriority=\"high\" decoding=\"async\" width=\"320\" height=\"320\" src=\"https:\/\/corbel.se\/wp-content\/uploads\/2025\/11\/J_bla.webp\" class=\"attachment-large size-large wp-image-1387\" alt=\"\" srcset=\"https:\/\/corbel.se\/wp-content\/uploads\/2025\/11\/J_bla.webp 320w, https:\/\/corbel.se\/wp-content\/uploads\/2025\/11\/J_bla-300x300.webp 300w, https:\/\/corbel.se\/wp-content\/uploads\/2025\/11\/J_bla-150x150.webp 150w\" sizes=\"(max-width: 320px) 100vw, 320px\" \/>\t\t\t\t\t\t\t\t\t\t\t\t\t\t\t<\/div>\n\t\t\t\t<\/div>\n\t\t\t\t<\/div>\n\t\t<div class=\"elementor-element elementor-element-c4c5f24 e-con-full e-flex e-con e-child\" data-id=\"c4c5f24\" data-element_type=\"container\" data-e-type=\"container\">\n\t\t\t\t<div class=\"elementor-element elementor-element-421b438 elementor-widget elementor-widget-text-editor\" data-id=\"421b438\" data-element_type=\"widget\" data-e-type=\"widget\" data-widget_type=\"text-editor.default\">\n\t\t\t\t<div class=\"elementor-widget-container\">\n\t\t\t\t\t\t\t\t\t<div><h5>JOHANNES ELLEBRANT<\/h5><\/div><div><div>Arkitekt, Del\u00e4gare<\/div><div>Tel: +46 768 36 31 56<\/div><div>E-post: <a href=\"mailto:Johannes@corbel.se\">Johannes@corbel.se<\/a><\/div><\/div>\t\t\t\t\t\t\t\t<\/div>\n\t\t\t\t<\/div>\n\t\t\t\t<\/div>\n\t\t<div class=\"elementor-element elementor-element-ae4bdaa e-con-full e-flex e-con e-child\" data-id=\"ae4bdaa\" data-element_type=\"container\" data-e-type=\"container\">\n\t\t\t\t\t\t\t\n\t\t<img class=\"e-image-base \" \n\t\t\t\t\tdata-interaction-id=\"cd59ef5\" \n\t\t \n\t\t data-e-type=\"widget\" data-id=\"cd59ef5\"\n\t\t\t\t\t\t\t\t\tid=\"1388\"\n\t\t\t\t\t\t\t\t\t\t\t\tsrc=\"https:\/\/corbel.se\/wp-content\/uploads\/2025\/11\/R_bla.webp\"\n\t\t\t\t\t\t\t\t\t\t\t\twidth=\"320\"\n\t\t\t\t\t\t\t\t\t\t\t\theight=\"320\"\n\t\t\t\t\t\t\t\t\t\t\t\tsrcset=\"https:\/\/corbel.se\/wp-content\/uploads\/2025\/11\/R_bla.webp 320w, https:\/\/corbel.se\/wp-content\/uploads\/2025\/11\/R_bla-300x300.webp 300w, https:\/\/corbel.se\/wp-content\/uploads\/2025\/11\/R_bla-150x150.webp 150w\"\n\t\t\t\t\t\t\t\t\t\t\t\talt=\"\"\n\t\t\t\t\t\t\/>\n\t\t\t\t\t<\/div>\n\t\t<div class=\"elementor-element elementor-element-1ca4644 e-con-full e-flex e-con e-child\" data-id=\"1ca4644\" data-element_type=\"container\" data-e-type=\"container\">\n\t\t\t\t<div class=\"elementor-element elementor-element-ef60a48 elementor-widget elementor-widget-text-editor\" data-id=\"ef60a48\" data-element_type=\"widget\" data-e-type=\"widget\" data-widget_type=\"text-editor.default\">\n\t\t\t\t<div class=\"elementor-widget-container\">\n\t\t\t\t\t\t\t\t\t<div><h5>RASMUS WARFVINGE<\/h5><\/div><div><div>Arkitekt, Del\u00e4gare<\/div><div>Tel: +46 760 31 35 39<\/div><div>E-post: <a href=\"mailto:Rasmus@corbel.se\">Rasmus@corbel.se<\/a><\/div><\/div>\t\t\t\t\t\t\t\t<\/div>\n\t\t\t\t<\/div>\n\t\t\t\t<\/div>\n\t\t\t\t\t<\/div>\n\t\t\t\t<\/div>\n\t\t<div class=\"elementor-element elementor-element-e6fbc29 e-flex e-con-boxed e-con e-parent\" data-id=\"e6fbc29\" data-element_type=\"container\" data-e-type=\"container\">\n\t\t\t\t\t<div class=\"e-con-inner\">\n\t\t<div class=\"elementor-element elementor-element-32bff21 e-con-full e-flex e-con e-child\" data-id=\"32bff21\" data-element_type=\"container\" data-e-type=\"container\">\n\t\t\t\t<div class=\"elementor-element elementor-element-98b28ca elementor-widget elementor-widget-image\" data-id=\"98b28ca\" data-element_type=\"widget\" data-e-type=\"widget\" data-widget_type=\"image.default\">\n\t\t\t\t<div class=\"elementor-widget-container\">\n\t\t\t\t\t\t\t\t\t\t\t\t\t\t\t<img decoding=\"async\" width=\"320\" height=\"320\" src=\"https:\/\/corbel.se\/wp-content\/uploads\/2026\/03\/Petter-kopiera.webp\" class=\"attachment-large size-large wp-image-1593\" alt=\"\" srcset=\"https:\/\/corbel.se\/wp-content\/uploads\/2026\/03\/Petter-kopiera.webp 320w, https:\/\/corbel.se\/wp-content\/uploads\/2026\/03\/Petter-kopiera-300x300.webp 300w, https:\/\/corbel.se\/wp-content\/uploads\/2026\/03\/Petter-kopiera-150x150.webp 150w\" sizes=\"(max-width: 320px) 100vw, 320px\" \/>\t\t\t\t\t\t\t\t\t\t\t\t\t\t\t<\/div>\n\t\t\t\t<\/div>\n\t\t\t\t<\/div>\n\t\t<div class=\"elementor-element elementor-element-4edfe85 e-con-full e-flex e-con e-child\" data-id=\"4edfe85\" data-element_type=\"container\" data-e-type=\"container\">\n\t\t\t\t<div class=\"elementor-element elementor-element-76fb7d7 elementor-widget elementor-widget-text-editor\" data-id=\"76fb7d7\" data-element_type=\"widget\" data-e-type=\"widget\" data-widget_type=\"text-editor.default\">\n\t\t\t\t<div class=\"elementor-widget-container\">\n\t\t\t\t\t\t\t\t\t<div><h5>PETTER PUSTINA<\/h5><\/div><div><div>Arkitekt<\/div><div>Tel: +46 700 67 41 54<\/div><div>E-post: <a href=\"mailto:Johannes@corbel.se\">Petter@corbel.se<\/a><\/div><\/div>\t\t\t\t\t\t\t\t<\/div>\n\t\t\t\t<\/div>\n\t\t\t\t<\/div>\n\t\t<div class=\"elementor-element elementor-element-2e87be0 e-con-full e-flex e-con e-child\" data-id=\"2e87be0\" data-element_type=\"container\" data-e-type=\"container\">\n\t\t\t\t\t\t\t\n\t\t<img class=\"e-image-base \" \n\t\t\t\t\tdata-interaction-id=\"a4e6df5\" \n\t\t \n\t\t data-e-type=\"widget\" data-id=\"a4e6df5\"\n\t\t\t\t\t\t\t\t\tid=\"1594\"\n\t\t\t\t\t\t\t\t\t\t\t\tsrc=\"https:\/\/corbel.se\/wp-content\/uploads\/2026\/03\/Alex.webp\"\n\t\t\t\t\t\t\t\t\t\t\t\twidth=\"320\"\n\t\t\t\t\t\t\t\t\t\t\t\theight=\"320\"\n\t\t\t\t\t\t\t\t\t\t\t\tsrcset=\"https:\/\/corbel.se\/wp-content\/uploads\/2026\/03\/Alex.webp 320w, https:\/\/corbel.se\/wp-content\/uploads\/2026\/03\/Alex-300x300.webp 300w, https:\/\/corbel.se\/wp-content\/uploads\/2026\/03\/Alex-150x150.webp 150w\"\n\t\t\t\t\t\t\t\t\t\t\t\talt=\"\"\n\t\t\t\t\t\t\/>\n\t\t\t\t\t<\/div>\n\t\t<div class=\"elementor-element elementor-element-a53be7a e-con-full e-flex e-con e-child\" data-id=\"a53be7a\" data-element_type=\"container\" data-e-type=\"container\">\n\t\t\t\t<div class=\"elementor-element elementor-element-8730a91 elementor-widget elementor-widget-text-editor\" data-id=\"8730a91\" data-element_type=\"widget\" data-e-type=\"widget\" data-widget_type=\"text-editor.default\">\n\t\t\t\t<div class=\"elementor-widget-container\">\n\t\t\t\t\t\t\t\t\t<div><h5>ALEXANDER KARLSSON<\/h5><\/div><div><div>Bim-projekt\u00f6r<\/div><div>E-post: <a href=\"mailto:Rasmus@corbel.se\">Alexander@corbel.se<\/a><\/div><\/div>\t\t\t\t\t\t\t\t<\/div>\n\t\t\t\t<\/div>\n\t\t\t\t<\/div>\n\t\t\t\t\t<\/div>\n\t\t\t\t<\/div>\n\t\t<div class=\"elementor-element elementor-element-6952097 e-flex e-con-boxed e-con e-parent\" data-id=\"6952097\" data-element_type=\"container\" data-e-type=\"container\">\n\t\t\t\t\t<div class=\"e-con-inner\">\n\t\t<div class=\"elementor-element elementor-element-d5f7cce e-con-full e-flex e-con e-child\" data-id=\"d5f7cce\" data-element_type=\"container\" data-e-type=\"container\">\n\t\t\t\t<div class=\"elementor-element elementor-element-2c85ab2 elementor-widget elementor-widget-image\" data-id=\"2c85ab2\" data-element_type=\"widget\" data-e-type=\"widget\" data-widget_type=\"image.default\">\n\t\t\t\t<div class=\"elementor-widget-container\">\n\t\t\t\t\t\t\t\t\t\t\t\t\t\t\t<img decoding=\"async\" width=\"708\" height=\"708\" src=\"https:\/\/corbel.se\/wp-content\/uploads\/2025\/11\/W_bla-1.webp\" class=\"attachment-large size-large wp-image-1470\" alt=\"\" srcset=\"https:\/\/corbel.se\/wp-content\/uploads\/2025\/11\/W_bla-1.webp 708w, https:\/\/corbel.se\/wp-content\/uploads\/2025\/11\/W_bla-1-300x300.webp 300w, https:\/\/corbel.se\/wp-content\/uploads\/2025\/11\/W_bla-1-150x150.webp 150w\" sizes=\"(max-width: 708px) 100vw, 708px\" \/>\t\t\t\t\t\t\t\t\t\t\t\t\t\t\t<\/div>\n\t\t\t\t<\/div>\n\t\t\t\t<\/div>\n\t\t<div class=\"elementor-element elementor-element-394a458 e-con-full e-flex e-con e-child\" data-id=\"394a458\" data-element_type=\"container\" data-e-type=\"container\">\n\t\t\t\t<div class=\"elementor-element elementor-element-bf302ba elementor-widget elementor-widget-text-editor\" data-id=\"bf302ba\" data-element_type=\"widget\" data-e-type=\"widget\" data-widget_type=\"text-editor.default\">\n\t\t\t\t<div class=\"elementor-widget-container\">\n\t\t\t\t\t\t\t\t\t<div><h5>WINSTON<\/h5><\/div><div><div>Hund<\/div><div>\u00a0<\/div><\/div>\t\t\t\t\t\t\t\t<\/div>\n\t\t\t\t<\/div>\n\t\t\t\t<\/div>\n\t\t<div class=\"elementor-element elementor-element-486610b e-con-full e-flex e-con e-child\" data-id=\"486610b\" data-element_type=\"container\" data-e-type=\"container\">\n\t\t\t\t<\/div>\n\t\t<div class=\"elementor-element elementor-element-29fa9c4 e-con-full e-flex e-con e-child\" data-id=\"29fa9c4\" data-element_type=\"container\" data-e-type=\"container\">\n\t\t\t\t<\/div>\n\t\t\t\t\t<\/div>\n\t\t\t\t<\/div>\n\t\t<div class=\"elementor-element elementor-element-66818c5 e-flex e-con-boxed e-con e-parent\" data-id=\"66818c5\" data-element_type=\"container\" data-e-type=\"container\">\n\t\t\t\t\t<div class=\"e-con-inner\">\n\t\t\t\t\t\n<hr class=\"e-296075a-e485b55 e-divider-base\" data-interaction-id=\"296075a\"  data-e-type=\"widget\" data-id=\"296075a\" \/>\n\t\t\t\t\t<\/div>\n\t\t\t\t<\/div>\n\t\t<div class=\"elementor-element elementor-element-dcebd5b e-flex e-con-boxed e-con e-parent\" data-id=\"dcebd5b\" data-element_type=\"container\" data-e-type=\"container\">\n\t\t\t\t\t<div class=\"e-con-inner\">\n\t\t<div class=\"elementor-element elementor-element-454a3dc e-con-full e-flex e-con e-child\" data-id=\"454a3dc\" data-element_type=\"container\" data-e-type=\"container\">\n\t\t\t\t\t\t\t\n\t\t<img class=\"e-image-base e-f4c26f0-cbf2748\" \n\t\t\t\t\tdata-interaction-id=\"f4c26f0\" \n\t\t \n\t\t data-e-type=\"widget\" data-id=\"f4c26f0\"\n\t\t\t\t\t\t\t\t\tid=\"1272\"\n\t\t\t\t\t\t\t\t\t\t\t\tsrc=\"https:\/\/corbel.se\/wp-content\/uploads\/2025\/11\/karta-kopiera.webp\"\n\t\t\t\t\t\t\t\t\t\t\t\twidth=\"782\"\n\t\t\t\t\t\t\t\t\t\t\t\theight=\"790\"\n\t\t\t\t\t\t\t\t\t\t\t\tsrcset=\"https:\/\/corbel.se\/wp-content\/uploads\/2025\/11\/karta-kopiera.webp 782w, https:\/\/corbel.se\/wp-content\/uploads\/2025\/11\/karta-kopiera-297x300.webp 297w, https:\/\/corbel.se\/wp-content\/uploads\/2025\/11\/karta-kopiera-768x776.webp 768w\"\n\t\t\t\t\t\t\t\t\t\t\t\talt=\"\"\n\t\t\t\t\t\t\/>\n\t\t\t\t\t<\/div>\n\t\t<div class=\"elementor-element elementor-element-97c0061 e-con-full e-flex e-con e-child\" data-id=\"97c0061\" data-element_type=\"container\" data-e-type=\"container\">\n\t\t\t\t<div class=\"elementor-element elementor-element-bd605f5 elementor-widget elementor-widget-text-editor\" data-id=\"bd605f5\" data-element_type=\"widget\" data-e-type=\"widget\" data-widget_type=\"text-editor.default\">\n\t\t\t\t<div class=\"elementor-widget-container\">\n\t\t\t\t\t\t\t\t\t<p>Corbel Arkitektur AB<br \/>Norra Gubberogatan 22<br \/>416 63 G\u00f6teborg<\/p>\t\t\t\t\t\t\t\t<\/div>\n\t\t\t\t<\/div>\n\t\t\t\t<\/div>\n\t\t\t\t\t<\/div>\n\t\t\t\t<\/div>\n\t\t<div class=\"elementor-element elementor-element-1414d82 e-flex e-con-boxed e-con e-parent\" data-id=\"1414d82\" data-element_type=\"container\" data-e-type=\"container\">\n\t\t\t\t\t<div class=\"e-con-inner\">\n\t\t\t\t\t\n<hr class=\"e-91300d2-0dbfbd1 e-divider-base\" data-interaction-id=\"91300d2\"  data-e-type=\"widget\" data-id=\"91300d2\" \/>\n\t\t\t\t\t<\/div>\n\t\t\t\t<\/div>\n\t\t\t\t<\/div>\n\t\t","protected":false},"excerpt":{"rendered":"<p>H\u00f6r av dig eller bes\u00f6k oss p\u00e5 v\u00e5rt kontor p\u00e5 Norra Gubberogatan! JOHANNES ELLEBRANT Arkitekt, Del\u00e4gareTel: +46 768 36 31 56E-post: Johannes@corbel.se RASMUS WARFVINGE Arkitekt, Del\u00e4gareTel: +46 760 31 35 39E-post: Rasmus@corbel.se PETTER PUSTINA ArkitektTel: +46 700 67 41 54E-post: Petter@corbel.se ALEXANDER KARLSSON Bim-projekt\u00f6rE-post: Alexander@corbel.se WINSTON Hund\u00a0 Corbel Arkitektur ABNorra Gubberogatan 22416 63 G\u00f6teborg<\/p>\n","protected":false},"author":1,"featured_media":0,"parent":0,"menu_order":0,"comment_status":"closed","ping_status":"closed","template":"elementor_header_footer","meta":{"footnotes":""},"class_list":["post-958","page","type-page","status-publish","hentry"],"_links":{"self":[{"href":"https:\/\/corbel.se\/index.php?rest_route=\/wp\/v2\/pages\/958","targetHints":{"allow":["GET"]}}],"collection":[{"href":"https:\/\/corbel.se\/index.php?rest_route=\/wp\/v2\/pages"}],"about":[{"href":"https:\/\/corbel.se\/index.php?rest_route=\/wp\/v2\/types\/page"}],"author":[{"embeddable":true,"href":"https:\/\/corbel.se\/index.php?rest_route=\/wp\/v2\/users\/1"}],"replies":[{"embeddable":true,"href":"https:\/\/corbel.se\/index.php?rest_route=%2Fwp%2Fv2%2Fcomments&post=958"}],"version-history":[{"count":139,"href":"https:\/\/corbel.se\/index.php?rest_route=\/wp\/v2\/pages\/958\/revisions"}],"predecessor-version":[{"id":2107,"href":"https:\/\/corbel.se\/index.php?rest_route=\/wp\/v2\/pages\/958\/revisions\/2107"}],"wp:attachment":[{"href":"https:\/\/corbel.se\/index.php?rest_route=%2Fwp%2Fv2%2Fmedia&parent=958"}],"curies":[{"name":"wp","href":"https:\/\/api.w.org\/{rel}","templated":true}]}}