{"id":992,"date":"2025-09-29T18:15:20","date_gmt":"2025-09-29T18:15:20","guid":{"rendered":"https:\/\/corbel.se\/?page_id=992"},"modified":"2026-04-22T13:47:14","modified_gmt":"2026-04-22T13:47:14","slug":"about","status":"publish","type":"page","link":"https:\/\/corbel.se\/?page_id=992","title":{"rendered":"OM OSS"},"content":{"rendered":"\t\t<div data-elementor-type=\"wp-page\" data-elementor-id=\"992\" class=\"elementor elementor-992\" data-elementor-post-type=\"page\">\n\t\t\t\t<div class=\"elementor-element elementor-element-9a5a209 e-flex e-con-boxed e-con e-parent\" data-id=\"9a5a209\" data-element_type=\"container\" data-e-type=\"container\">\n\t\t\t\t\t<div class=\"e-con-inner\">\n\t\t<div class=\"elementor-element elementor-element-a507bd3 e-con-full e-flex e-con e-child\" data-id=\"a507bd3\" data-element_type=\"container\" data-e-type=\"container\">\n\t\t\t\t<div class=\"elementor-element elementor-element-5f4990c elementor-widget__width-initial elementor-widget elementor-widget-text-editor\" data-id=\"5f4990c\" data-element_type=\"widget\" data-e-type=\"widget\" data-widget_type=\"text-editor.default\">\n\t\t\t\t<div class=\"elementor-widget-container\">\n\t\t\t\t\t\t\t\t\t<h3 style=\"text-align: center;\" data-start=\"299\" data-end=\"312\"><span style=\"color: #5d3626;\"><strong data-start=\"302\" data-end=\"312\">Om oss<\/strong><\/span><\/h3><p data-start=\"314\" data-end=\"652\">Vi \u00e4r ett arkitektkontor i G\u00f6teborg som delar en gemensam id\u00e9: att skapa arkitektur som h\u00e5ller \u00f6ver tid, b\u00e5de i funktion och k\u00e4nsla. Som ett mindre kontor v\u00e4rdes\u00e4tter vi det n\u00e4ra samarbetet med v\u00e5ra kunder. Vi tror att de b\u00e4sta projekten v\u00e4xer fram genom dialog, engagemang och en tydlig process \u2013 fr\u00e5n f\u00f6rsta skiss till f\u00e4rdig byggnad.<\/p><p data-start=\"654\" data-end=\"948\">V\u00e5r styrka ligger i att f\u00f6rena arkitektens kreativitet med projektledarens struktur. Genom att ta ansvar f\u00f6r b\u00e5de gestaltning och genomf\u00f6rande beh\u00e5ller vi helhetssynen genom hela projektet. P\u00e5 s\u00e5 s\u00e4tt kan vi s\u00e4kerst\u00e4lla att visionen f\u00f6ljs hela v\u00e4gen och att varje detalj bidrar till helheten.<\/p><p data-start=\"950\" data-end=\"1209\">Vi tar oss g\u00e4rna an uppdrag i olika skeden och storlekar. Oavsett om det handlar om en mindre ombyggnad eller ett omfattande nybygge \u00e4r v\u00e5rt m\u00e5l alltid detsamma: att skapa milj\u00f6er som fungerar, inspirerar och k\u00e4nns r\u00e4tt f\u00f6r dem som ska leva och verka i dem.<\/p>\t\t\t\t\t\t\t\t<\/div>\n\t\t\t\t<\/div>\n\t\t\t\t<\/div>\n\t\t\t\t\t<\/div>\n\t\t\t\t<\/div>\n\t\t<div class=\"elementor-element elementor-element-4682cef e-flex e-con-boxed e-con e-parent\" data-id=\"4682cef\" data-element_type=\"container\" data-e-type=\"container\">\n\t\t\t\t\t<div class=\"e-con-inner\">\n\t\t<div class=\"elementor-element elementor-element-57396bb e-con-full e-flex e-con e-child\" data-id=\"57396bb\" data-element_type=\"container\" data-e-type=\"container\">\n\t\t<div class=\"elementor-element elementor-element-3ec0719 e-con-full e-flex e-con e-child\" data-id=\"3ec0719\" data-element_type=\"container\" data-e-type=\"container\">\n\t\t\t\t\t\t\t\n\t\t<img class=\"e-image-base e-628b138-b8b67b5\" \n\t\t\t\t\tdata-interaction-id=\"628b138\" \n\t\t \n\t\t data-e-type=\"widget\" data-id=\"628b138\"\n\t\t\t\t\t\t\t\t\tid=\"1565\"\n\t\t\t\t\t\t\t\t\t\t\t\tsrc=\"https:\/\/corbel.se\/wp-content\/uploads\/2025\/11\/e4893d42-02c2-4f96-abb6-800a22fd774f-kopiera.webp\"\n\t\t\t\t\t\t\t\t\t\t\t\twidth=\"1361\"\n\t\t\t\t\t\t\t\t\t\t\t\theight=\"1701\"\n\t\t\t\t\t\t\t\t\t\t\t\tsrcset=\"https:\/\/corbel.se\/wp-content\/uploads\/2025\/11\/e4893d42-02c2-4f96-abb6-800a22fd774f-kopiera.webp 1361w, https:\/\/corbel.se\/wp-content\/uploads\/2025\/11\/e4893d42-02c2-4f96-abb6-800a22fd774f-kopiera-240x300.webp 240w, https:\/\/corbel.se\/wp-content\/uploads\/2025\/11\/e4893d42-02c2-4f96-abb6-800a22fd774f-kopiera-819x1024.webp 819w, https:\/\/corbel.se\/wp-content\/uploads\/2025\/11\/e4893d42-02c2-4f96-abb6-800a22fd774f-kopiera-768x960.webp 768w, https:\/\/corbel.se\/wp-content\/uploads\/2025\/11\/e4893d42-02c2-4f96-abb6-800a22fd774f-kopiera-1229x1536.webp 1229w\"\n\t\t\t\t\t\t\t\t\t\t\t\talt=\"\"\n\t\t\t\t\t\t\/>\n\t\t\t\t\t<\/div>\n\t\t\t\t<\/div>\n\t\t\t\t\t<\/div>\n\t\t\t\t<\/div>\n\t\t\t\t<\/div>\n\t\t","protected":false},"excerpt":{"rendered":"<p>Om oss Vi \u00e4r ett arkitektkontor i G\u00f6teborg som delar en gemensam id\u00e9: att skapa arkitektur som h\u00e5ller \u00f6ver tid, b\u00e5de i funktion och k\u00e4nsla. Som ett mindre kontor v\u00e4rdes\u00e4tter vi det n\u00e4ra samarbetet med v\u00e5ra kunder. Vi tror att de b\u00e4sta projekten v\u00e4xer fram genom dialog, engagemang och en tydlig process \u2013 fr\u00e5n f\u00f6rsta [&hellip;]<\/p>\n","protected":false},"author":1,"featured_media":0,"parent":0,"menu_order":0,"comment_status":"closed","ping_status":"closed","template":"elementor_header_footer","meta":{"footnotes":""},"class_list":["post-992","page","type-page","status-publish","hentry"],"_links":{"self":[{"href":"https:\/\/corbel.se\/index.php?rest_route=\/wp\/v2\/pages\/992","targetHints":{"allow":["GET"]}}],"collection":[{"href":"https:\/\/corbel.se\/index.php?rest_route=\/wp\/v2\/pages"}],"about":[{"href":"https:\/\/corbel.se\/index.php?rest_route=\/wp\/v2\/types\/page"}],"author":[{"embeddable":true,"href":"https:\/\/corbel.se\/index.php?rest_route=\/wp\/v2\/users\/1"}],"replies":[{"embeddable":true,"href":"https:\/\/corbel.se\/index.php?rest_route=%2Fwp%2Fv2%2Fcomments&post=992"}],"version-history":[{"count":74,"href":"https:\/\/corbel.se\/index.php?rest_route=\/wp\/v2\/pages\/992\/revisions"}],"predecessor-version":[{"id":2113,"href":"https:\/\/corbel.se\/index.php?rest_route=\/wp\/v2\/pages\/992\/revisions\/2113"}],"wp:attachment":[{"href":"https:\/\/corbel.se\/index.php?rest_route=%2Fwp%2Fv2%2Fmedia&parent=992"}],"curies":[{"name":"wp","href":"https:\/\/api.w.org\/{rel}","templated":true}]}}