{"id":996,"date":"2025-09-29T18:15:20","date_gmt":"2025-09-29T18:15:20","guid":{"rendered":"https:\/\/corbel.se\/?page_id=996"},"modified":"2026-04-22T10:55:57","modified_gmt":"2026-04-22T10:55:57","slug":"home","status":"publish","type":"page","link":"https:\/\/corbel.se\/","title":{"rendered":"HEM"},"content":{"rendered":"\t\t<div data-elementor-type=\"wp-page\" data-elementor-id=\"996\" class=\"elementor elementor-996\" data-elementor-post-type=\"page\">\n\t\t\t\t<div class=\"elementor-element elementor-element-91a66d8 e-flex e-con-boxed e-con e-parent\" data-id=\"91a66d8\" data-element_type=\"container\" data-e-type=\"container\">\n\t\t\t\t\t<div class=\"e-con-inner\">\n\t\t\t\t\t\n<hr class=\"e-711334f-a7accd8 e-divider-base\" data-interaction-id=\"711334f\"  data-e-type=\"widget\" data-id=\"711334f\" \/>\n\t\t\t\t\t<\/div>\n\t\t\t\t<\/div>\n\t\t<div class=\"elementor-element elementor-element-2014bf6 e-con-full e-flex e-con e-parent\" data-id=\"2014bf6\" data-element_type=\"container\" data-e-type=\"container\">\n\t\t\t\t<div class=\"elementor-element elementor-element-0dc0daf elementor--h-position-center elementor--v-position-middle elementor-widget elementor-widget-slides\" data-id=\"0dc0daf\" data-element_type=\"widget\" data-e-type=\"widget\" data-settings=\"{&quot;navigation&quot;:&quot;none&quot;,&quot;transition_speed&quot;:1000,&quot;autoplay&quot;:&quot;yes&quot;,&quot;pause_on_hover&quot;:&quot;yes&quot;,&quot;pause_on_interaction&quot;:&quot;yes&quot;,&quot;autoplay_speed&quot;:5000,&quot;infinite&quot;:&quot;yes&quot;,&quot;transition&quot;:&quot;slide&quot;}\" data-widget_type=\"slides.default\">\n\t\t\t\t<div class=\"elementor-widget-container\">\n\t\t\t\t\t\t\t\t\t<div class=\"elementor-swiper\">\n\t\t\t\t\t<div class=\"elementor-slides-wrapper elementor-main-swiper swiper\" role=\"region\" aria-roledescription=\"carousel\" aria-label=\"Bildspel\" dir=\"ltr\" data-animation=\"fadeInLeft\">\n\t\t\t\t<div class=\"swiper-wrapper elementor-slides\">\n\t\t\t\t\t\t\t\t\t\t<div class=\"elementor-repeater-item-80d6d2e swiper-slide\" role=\"group\" aria-roledescription=\"slide\"><div class=\"swiper-slide-bg\" role=\"img\" aria-label=\"Image1\"><\/div><div class=\"swiper-slide-inner\" ><div class=\"swiper-slide-contents\"><div class=\"elementor-slide-heading\">Gothemhammar<\/div><div class=\"elementor-slide-description\">\u00d6stra Gotland<\/div><\/div><\/div><\/div><div class=\"elementor-repeater-item-464dd0f swiper-slide\" role=\"group\" aria-roledescription=\"slide\"><div class=\"swiper-slide-bg\" role=\"img\" aria-label=\"trean_ny\"><\/div><div class=\"swiper-slide-inner\" ><div class=\"swiper-slide-contents\"><div class=\"elementor-slide-heading\">Gothemhammar<\/div><div class=\"elementor-slide-description\">\u00d6stra Gotland<\/div><\/div><\/div><\/div><div class=\"elementor-repeater-item-acfbcf2 swiper-slide\" role=\"group\" aria-roledescription=\"slide\"><div class=\"swiper-slide-bg\" role=\"img\" aria-label=\"1,6\"><\/div><div class=\"swiper-slide-inner\" ><div class=\"swiper-slide-contents\"><div class=\"elementor-slide-heading\">Carlanderska Kapellet<\/div><div class=\"elementor-slide-description\">G\u00f6teborg<\/div><\/div><\/div><\/div><div class=\"elementor-repeater-item-860c999 swiper-slide\" role=\"group\" aria-roledescription=\"slide\"><div class=\"swiper-slide-bg\" role=\"img\" aria-label=\"1,5\"><\/div><div class=\"swiper-slide-inner\" ><div class=\"swiper-slide-contents\"><div class=\"elementor-slide-heading\">Carlanderska Kapellet<\/div><div class=\"elementor-slide-description\">G\u00f6teborg<\/div><\/div><\/div><\/div><div class=\"elementor-repeater-item-2e1cdd2 swiper-slide\" role=\"group\" aria-roledescription=\"slide\"><div class=\"swiper-slide-bg\" role=\"img\" aria-label=\"Image5_002 kopiera\"><\/div><div class=\"swiper-slide-inner\" ><div class=\"swiper-slide-contents\"><div class=\"elementor-slide-heading\">Livio Eklanda<\/div><div class=\"elementor-slide-description\">G\u00f6teborg<\/div><\/div><\/div><\/div><div class=\"elementor-repeater-item-d212e77 swiper-slide\" role=\"group\" aria-roledescription=\"slide\"><div class=\"swiper-slide-bg\" role=\"img\" aria-label=\"Rendering_2\"><\/div><div class=\"swiper-slide-inner\" ><div class=\"swiper-slide-contents\"><div class=\"elementor-slide-heading\">Stadsskogen<\/div><div class=\"elementor-slide-description\">Alings\u00e5s<\/div><\/div><\/div><\/div>\t\t\t\t<\/div>\n\t\t\t\t\t\t\t\t\t\t\t\t\t\t\t\t\t\t\t\t\t<\/div>\n\t\t\t\t<\/div>\n\t\t\t\t\t\t\t\t<\/div>\n\t\t\t\t<\/div>\n\t\t\t\t<\/div>\n\t\t\t\t<\/div>\n\t\t","protected":false},"excerpt":{"rendered":"<p>Gothemhammar\u00d6stra GotlandGothemhammar\u00d6stra GotlandCarlanderska KapelletG\u00f6teborgCarlanderska KapelletG\u00f6teborgLivio EklandaG\u00f6teborgStadsskogenAlings\u00e5s<\/p>\n","protected":false},"author":1,"featured_media":0,"parent":0,"menu_order":0,"comment_status":"closed","ping_status":"closed","template":"elementor_header_footer","meta":{"footnotes":""},"class_list":["post-996","page","type-page","status-publish","hentry"],"_links":{"self":[{"href":"https:\/\/corbel.se\/index.php?rest_route=\/wp\/v2\/pages\/996","targetHints":{"allow":["GET"]}}],"collection":[{"href":"https:\/\/corbel.se\/index.php?rest_route=\/wp\/v2\/pages"}],"about":[{"href":"https:\/\/corbel.se\/index.php?rest_route=\/wp\/v2\/types\/page"}],"author":[{"embeddable":true,"href":"https:\/\/corbel.se\/index.php?rest_route=\/wp\/v2\/users\/1"}],"replies":[{"embeddable":true,"href":"https:\/\/corbel.se\/index.php?rest_route=%2Fwp%2Fv2%2Fcomments&post=996"}],"version-history":[{"count":138,"href":"https:\/\/corbel.se\/index.php?rest_route=\/wp\/v2\/pages\/996\/revisions"}],"predecessor-version":[{"id":1998,"href":"https:\/\/corbel.se\/index.php?rest_route=\/wp\/v2\/pages\/996\/revisions\/1998"}],"wp:attachment":[{"href":"https:\/\/corbel.se\/index.php?rest_route=%2Fwp%2Fv2%2Fmedia&parent=996"}],"curies":[{"name":"wp","href":"https:\/\/api.w.org\/{rel}","templated":true}]}}